{"id":802,"date":"2016-01-18T12:25:29","date_gmt":"2016-01-18T11:25:29","guid":{"rendered":"https:\/\/www.gotthardotthon.hu\/?page_id=802"},"modified":"2026-02-25T08:39:19","modified_gmt":"2026-02-25T07:39:19","slug":"modszertan","status":"publish","type":"page","link":"https:\/\/www.gotthardotthon.hu\/?page_id=802","title":{"rendered":"Adatv\u00e9delem"},"content":{"rendered":"\n<p><a href=\"https:\/\/www.gotthardotthon.hu\/wp-content\/uploads\/2026\/02\/XXX_Adatvedelemrol-es-adatkezeles-szabalyzata.pdf\">Adatv\u00e9delemr\u0151l \u00e9s adatkezel\u00e9sr\u0151l sz\u00f3l\u00f3 szab\u00e1lyzat<\/a><\/p>\n\n\n\n<p><a href=\"https:\/\/www.gotthardotthon.hu\/wp-content\/uploads\/2026\/02\/Tajekoztato-szemelyes-adatokat-tartalmazo-felvetel-keszitesevel-es-felhasznalasaval-osszefuggo-szabalyokrol.pdf\">T\u00e1j\u00e9koztat\u00f3 szem\u00e9lyes adatokat tartalmaz\u00f3 felv\u00e9tel k\u00e9sz\u00edt\u00e9s\u00e9vel \u00e9s felhaszn\u00e1l\u00e1s\u00e1val \u00f6sszef\u00fcgg\u0151 szab\u00e1lyokr\u00f3l<\/a><\/p>\n\n\n\n<p>Adatv\u00e9delmi tisztvisel\u0151 neve: Szedri Anita<br>e-mail el\u00e9rhet\u0151s\u00e9ge: <a href=\"mailto:szakositott@gotthardotthon.hu\">szakositott@gotthardotthon.hu<\/a><\/p>\n\n\n\n<p><\/p>\n","protected":false},"excerpt":{"rendered":"<p>Adatv\u00e9delemr\u0151l \u00e9s adatkezel\u00e9sr\u0151l sz\u00f3l\u00f3 szab\u00e1lyzat T\u00e1j\u00e9koztat\u00f3 szem\u00e9lyes adatokat tartalmaz\u00f3 felv\u00e9tel k\u00e9sz\u00edt\u00e9s\u00e9vel \u00e9s felhaszn\u00e1l\u00e1s\u00e1val \u00f6sszef\u00fcgg\u0151 szab\u00e1lyokr\u00f3l Adatv\u00e9delmi tisztvisel\u0151 neve: Szedri Anitae-mail el\u00e9rhet\u0151s\u00e9ge: szakositott@gotthardotthon.hu<\/p>\n","protected":false},"author":1,"featured_media":0,"parent":0,"menu_order":0,"comment_status":"closed","ping_status":"closed","template":"","meta":{"xn-wppe-expiration":[],"xn-wppe-expiration-action":[],"xn-wppe-expiration-prefix":[],"zakra_page_container_layout":"customizer","zakra_page_sidebar_layout":"customizer","zakra_remove_content_margin":false,"zakra_sidebar":"customizer","zakra_transparent_header":"customizer","zakra_logo":0,"zakra_main_header_style":"default","zakra_menu_item_color":"","zakra_menu_item_hover_color":"","zakra_menu_item_active_color":"","zakra_menu_active_style":"","zakra_page_header":true,"footnotes":""},"class_list":["post-802","page","type-page","status-publish","hentry"],"_links":{"self":[{"href":"https:\/\/www.gotthardotthon.hu\/index.php?rest_route=\/wp\/v2\/pages\/802","targetHints":{"allow":["GET"]}}],"collection":[{"href":"https:\/\/www.gotthardotthon.hu\/index.php?rest_route=\/wp\/v2\/pages"}],"about":[{"href":"https:\/\/www.gotthardotthon.hu\/index.php?rest_route=\/wp\/v2\/types\/page"}],"author":[{"embeddable":true,"href":"https:\/\/www.gotthardotthon.hu\/index.php?rest_route=\/wp\/v2\/users\/1"}],"replies":[{"embeddable":true,"href":"https:\/\/www.gotthardotthon.hu\/index.php?rest_route=%2Fwp%2Fv2%2Fcomments&post=802"}],"version-history":[{"count":11,"href":"https:\/\/www.gotthardotthon.hu\/index.php?rest_route=\/wp\/v2\/pages\/802\/revisions"}],"predecessor-version":[{"id":2382,"href":"https:\/\/www.gotthardotthon.hu\/index.php?rest_route=\/wp\/v2\/pages\/802\/revisions\/2382"}],"wp:attachment":[{"href":"https:\/\/www.gotthardotthon.hu\/index.php?rest_route=%2Fwp%2Fv2%2Fmedia&parent=802"}],"curies":[{"name":"wp","href":"https:\/\/api.w.org\/{rel}","templated":true}]}}