{"id":576,"date":"2014-10-01T07:42:23","date_gmt":"2014-10-01T06:42:23","guid":{"rendered":"https:\/\/www.gotthardotthon.hu\/?page_id=576"},"modified":"2014-10-02T07:23:22","modified_gmt":"2014-10-02T06:23:22","slug":"videok-2","status":"publish","type":"page","link":"https:\/\/www.gotthardotthon.hu\/?page_id=576","title":{"rendered":"Vide\u00f3k"},"content":{"rendered":"<p style=\"color: #000000;\">[hana-flv-player video=&#8221;https:\/\/www.gotthardotthon.hu\/wp-content\/video\/VTS_01_1.flv&#8221; width=&#8221;320&#8243; height=&#8221;240&#8243; description=&#8221;K\u00e9pz\u00e9si programok az eg\u00e9szs\u00e9g\u00fcgyben 1.r\u00e9sz&#8221; player=&#8221;4&#8243; autoload=&#8221;false&#8221; autoplay=&#8221;false&#8221; loop=&#8221;false&#8221; autorewind=&#8221;true&#8221; \/]<\/p>\n<p style=\"color: #000000;\">[hana-flv-player video=&#8221;https:\/\/www.gotthardotthon.hu\/wp-content\/video\/VTS_01_2.flv&#8221; width=&#8221;320&#8243; height=&#8221;240&#8243; description=&#8221;K\u00e9pz\u00e9si programok az eg\u00e9szs\u00e9g\u00fcgyben 2.r\u00e9sz&#8221; player=&#8221;4&#8243; autoload=&#8221;false&#8221; autoplay=&#8221;false&#8221; loop=&#8221;false&#8221; autorewind=&#8221;true&#8221; \/]<\/p>\n<p style=\"color: #000000;\">[hana-flv-player video=&#8221;https:\/\/www.gotthardotthon.hu\/wp-content\/video\/VTS_01_3.flv&#8221; width=&#8221;320&#8243; height=&#8221;240&#8243; description=&#8221;K\u00e9pz\u00e9si programok az eg\u00e9szs\u00e9g\u00fcgyben 3.r\u00e9sz&#8221; player=&#8221;4&#8243; autoload=&#8221;false&#8221; autoplay=&#8221;false&#8221; loop=&#8221;false&#8221; autorewind=&#8221;true&#8221; \/]<\/p>\n<p style=\"color: #000000;\">[hana-flv-player video=&#8221;https:\/\/www.gotthardotthon.hu\/wp-content\/video\/VTS_01_4.flv&#8221; width=&#8221;320&#8243; height=&#8221;240&#8243; description=&#8221;K\u00e9pz\u00e9si programok az eg\u00e9szs\u00e9g\u00fcgyben 4.r\u00e9sz&#8221; player=&#8221;4&#8243; autoload=&#8221;false&#8221; autoplay=&#8221;false&#8221; loop=&#8221;false&#8221; autorewind=&#8221;true&#8221; \/]<\/p>\n","protected":false},"excerpt":{"rendered":"<p>[hana-flv-player video=&#8221;https:\/\/www.gotthardotthon.hu\/wp-content\/video\/VTS_01_1.flv&#8221; width=&#8221;320&#8243; height=&#8221;240&#8243; description=&#8221;K\u00e9pz\u00e9si programok az eg\u00e9szs\u00e9g\u00fcgyben 1.r\u00e9sz&#8221; player=&#8221;4&#8243; autoload=&#8221;false&#8221; autoplay=&#8221;false&#8221; loop=&#8221;false&#8221; autorewind=&#8221;true&#8221; \/] [hana-flv-player video=&#8221;https:\/\/www.gotthardotthon.hu\/wp-content\/video\/VTS_01_2.flv&#8221; width=&#8221;320&#8243; height=&#8221;240&#8243; description=&#8221;K\u00e9pz\u00e9si programok az eg\u00e9szs\u00e9g\u00fcgyben 2.r\u00e9sz&#8221; player=&#8221;4&#8243; autoload=&#8221;false&#8221; autoplay=&#8221;false&#8221; loop=&#8221;false&#8221; autorewind=&#8221;true&#8221; \/] [hana-flv-player video=&#8221;https:\/\/www.gotthardotthon.hu\/wp-content\/video\/VTS_01_3.flv&#8221; width=&#8221;320&#8243; height=&#8221;240&#8243; description=&#8221;K\u00e9pz\u00e9si programok az eg\u00e9szs\u00e9g\u00fcgyben 3.r\u00e9sz&#8221; player=&#8221;4&#8243; autoload=&#8221;false&#8221; autoplay=&#8221;false&#8221; loop=&#8221;false&#8221; autorewind=&#8221;true&#8221; \/] [hana-flv-player video=&#8221;https:\/\/www.gotthardotthon.hu\/wp-content\/video\/VTS_01_4.flv&#8221; width=&#8221;320&#8243; height=&#8221;240&#8243; description=&#8221;K\u00e9pz\u00e9si programok az eg\u00e9szs\u00e9g\u00fcgyben 4.r\u00e9sz&#8221; player=&#8221;4&#8243; [&hellip;]<\/p>\n","protected":false},"author":1,"featured_media":0,"parent":0,"menu_order":0,"comment_status":"closed","ping_status":"closed","template":"","meta":{"xn-wppe-expiration":[],"xn-wppe-expiration-action":[],"xn-wppe-expiration-prefix":[],"zakra_page_container_layout":"customizer","zakra_page_sidebar_layout":"customizer","zakra_remove_content_margin":false,"zakra_sidebar":"customizer","zakra_transparent_header":"customizer","zakra_logo":0,"zakra_main_header_style":"default","zakra_menu_item_color":"","zakra_menu_item_hover_color":"","zakra_menu_item_active_color":"","zakra_menu_active_style":"","zakra_page_header":true,"footnotes":""},"class_list":["post-576","page","type-page","status-publish","hentry"],"_links":{"self":[{"href":"https:\/\/www.gotthardotthon.hu\/index.php?rest_route=\/wp\/v2\/pages\/576","targetHints":{"allow":["GET"]}}],"collection":[{"href":"https:\/\/www.gotthardotthon.hu\/index.php?rest_route=\/wp\/v2\/pages"}],"about":[{"href":"https:\/\/www.gotthardotthon.hu\/index.php?rest_route=\/wp\/v2\/types\/page"}],"author":[{"embeddable":true,"href":"https:\/\/www.gotthardotthon.hu\/index.php?rest_route=\/wp\/v2\/users\/1"}],"replies":[{"embeddable":true,"href":"https:\/\/www.gotthardotthon.hu\/index.php?rest_route=%2Fwp%2Fv2%2Fcomments&post=576"}],"version-history":[{"count":4,"href":"https:\/\/www.gotthardotthon.hu\/index.php?rest_route=\/wp\/v2\/pages\/576\/revisions"}],"predecessor-version":[{"id":610,"href":"https:\/\/www.gotthardotthon.hu\/index.php?rest_route=\/wp\/v2\/pages\/576\/revisions\/610"}],"wp:attachment":[{"href":"https:\/\/www.gotthardotthon.hu\/index.php?rest_route=%2Fwp%2Fv2%2Fmedia&parent=576"}],"curies":[{"name":"wp","href":"https:\/\/api.w.org\/{rel}","templated":true}]}}