{"id":470,"date":"2014-09-24T14:11:55","date_gmt":"2014-09-24T13:11:55","guid":{"rendered":"https:\/\/www.gotthardotthon.hu\/?page_id=470"},"modified":"2024-04-09T07:25:20","modified_gmt":"2024-04-09T06:25:20","slug":"elerhetoseg","status":"publish","type":"page","link":"https:\/\/www.gotthardotthon.hu\/?page_id=470","title":{"rendered":"El\u00e9rhet\u0151s\u00e9gek"},"content":{"rendered":"\n<table><tbody>\n<tr><td>Int\u00e9zm\u00e9ny neve:<\/td><td colspan=\"2\">R\u00e1baparti Integr\u00e1lt Szoci\u00e1lis Int\u00e9zm\u00e9ny Vas V\u00e1rmegye<\/td><\/tr>\n<tr><td>Int\u00e9zm\u00e9ny c\u00edme:<\/td><td colspan=\"2\">9970 Szentgotth\u00e1rd, Hunyadi u. 29.<\/td><\/tr>\n<tr><td>Telephelye (H\u00e1rmashat\u00e1r Lak\u00f3otthon Szentgotth\u00e1rd):<\/td><td colspan=\"2\">9970 Szentgotth\u00e1rd, M\u00e1jus 1. u. 19.<br>Tel: (+36) 94\/380-890<\/td><\/tr>\n<tr><td>K\u00f6zponti telefonsz\u00e1ma:<\/td><td colspan=\"2\">(+36) 94\/552-560<\/td><\/tr>\n<tr><td>e-mail c\u00edme:<\/td><td colspan=\"2\"><a href=\"mailto:szakositott@gotthardotthon.hu\">szakositott@gotthardotthon.hu<\/a><\/td><\/tr>\n<tr><td>honlapja:<\/td><td colspan=\"2\"><a href=\"https:\/\/www.gotthardotthon.hu\/\">www.gotthardotthon.hu<\/a><\/td><\/tr>\n<tr><td>Int\u00e9zm\u00e9nyvezet\u0151:<\/td><td colspan=\"2\">T\u00f3ka T\u00edmea<br>Tel: (+36) 94\/552-560<\/td><\/tr>\n<tr><td>M\u0171szaki vezet\u0151:<\/td><td colspan=\"2\">Mikos \u00c1rp\u00e1d<br>Tel: (+36) 94\/552-560<\/td><\/tr>\n<tr><td>Vezet\u0151 \u00e1pol\u00f3:<\/td><td colspan=\"2\">Hendlern\u00e9 Gy\u0151rv\u00e1ri Anik\u00f3<br>Tel: (+36) 94\/552-560<\/td><\/tr>\n<tr><td>Gondnoks\u00e1g:<\/td><td colspan=\"2\">T\u00f3thn\u00e9 G\u00e9czi Rita<br>L\u00e1szl\u00f3 Katalin<br>N\u00e9meth-Mesics Edina<br>Tel: (+36) 94\/552-564<\/td><\/tr>\n<tr><td>&nbsp;<\/td><td>&nbsp;<\/td><td>&nbsp;<\/td><\/tr>\n<\/tbody><\/table>\n\n\n\n<p><strong>Megk\u00f6zel\u00edthet\u0151s\u00e9g:<\/strong> <iframe loading=\"lazy\" style=\"border: 0px;\" src=\"https:\/\/www.google.com\/maps\/embed?pb=!1m14!1m8!1m3!1d2723.301859601316!2d16.2660939914024!3d46.955758862009176!3m2!1i1024!2i768!4f13.1!3m3!1m2!1s0x476ede2a95575195%3A0x23e1f003d55c7454!2sHunyadi+utca+29%2C+Szentgotth%C3%A1rd%2C+9970+Magyarorsz%C3%A1g!5e0!3m2!1shu!2sde!4v1411633465975\" width=\"600\" height=\"450\" frameborder=\"0\"><\/p>\n","protected":false},"excerpt":{"rendered":"<p>Int\u00e9zm\u00e9ny neve: R\u00e1baparti Integr\u00e1lt Szoci\u00e1lis Int\u00e9zm\u00e9ny Vas V\u00e1rmegye Int\u00e9zm\u00e9ny c\u00edme: 9970 Szentgotth\u00e1rd, Hunyadi u. 29. Telephelye (H\u00e1rmashat\u00e1r Lak\u00f3otthon Szentgotth\u00e1rd): 9970 Szentgotth\u00e1rd, M\u00e1jus 1. u. 19.Tel: (+36) 94\/380-890 K\u00f6zponti telefonsz\u00e1ma: (+36) 94\/552-560 e-mail c\u00edme: szakositott@gotthardotthon.hu honlapja: www.gotthardotthon.hu Int\u00e9zm\u00e9nyvezet\u0151: T\u00f3ka T\u00edmeaTel: (+36) 94\/552-560 M\u0171szaki vezet\u0151: Mikos \u00c1rp\u00e1dTel: (+36) 94\/552-560 Vezet\u0151 \u00e1pol\u00f3: Hendlern\u00e9 Gy\u0151rv\u00e1ri Anik\u00f3Tel: (+36) 94\/552-560 Gondnoks\u00e1g: [&hellip;]<\/p>\n","protected":false},"author":1,"featured_media":0,"parent":0,"menu_order":0,"comment_status":"closed","ping_status":"closed","template":"","meta":{"xn-wppe-expiration":[],"xn-wppe-expiration-action":[],"xn-wppe-expiration-prefix":[],"zakra_page_container_layout":"customizer","zakra_page_sidebar_layout":"customizer","zakra_remove_content_margin":false,"zakra_sidebar":"customizer","zakra_transparent_header":"customizer","zakra_logo":0,"zakra_main_header_style":"default","zakra_menu_item_color":"","zakra_menu_item_hover_color":"","zakra_menu_item_active_color":"","zakra_menu_active_style":"","zakra_page_header":true,"footnotes":""},"class_list":["post-470","page","type-page","status-publish","hentry"],"_links":{"self":[{"href":"https:\/\/www.gotthardotthon.hu\/index.php?rest_route=\/wp\/v2\/pages\/470","targetHints":{"allow":["GET"]}}],"collection":[{"href":"https:\/\/www.gotthardotthon.hu\/index.php?rest_route=\/wp\/v2\/pages"}],"about":[{"href":"https:\/\/www.gotthardotthon.hu\/index.php?rest_route=\/wp\/v2\/types\/page"}],"author":[{"embeddable":true,"href":"https:\/\/www.gotthardotthon.hu\/index.php?rest_route=\/wp\/v2\/users\/1"}],"replies":[{"embeddable":true,"href":"https:\/\/www.gotthardotthon.hu\/index.php?rest_route=%2Fwp%2Fv2%2Fcomments&post=470"}],"version-history":[{"count":41,"href":"https:\/\/www.gotthardotthon.hu\/index.php?rest_route=\/wp\/v2\/pages\/470\/revisions"}],"predecessor-version":[{"id":2266,"href":"https:\/\/www.gotthardotthon.hu\/index.php?rest_route=\/wp\/v2\/pages\/470\/revisions\/2266"}],"wp:attachment":[{"href":"https:\/\/www.gotthardotthon.hu\/index.php?rest_route=%2Fwp%2Fv2%2Fmedia&parent=470"}],"curies":[{"name":"wp","href":"https:\/\/api.w.org\/{rel}","templated":true}]}}