{"id":464,"date":"2014-09-23T20:56:35","date_gmt":"2014-09-23T19:56:35","guid":{"rendered":"https:\/\/www.gotthardotthon.hu\/?page_id=464"},"modified":"2018-02-21T07:45:41","modified_gmt":"2018-02-21T06:45:41","slug":"alapitvany","status":"publish","type":"page","link":"https:\/\/www.gotthardotthon.hu\/?page_id=464","title":{"rendered":"Alap\u00edtv\u00e1ny"},"content":{"rendered":"<p>&nbsp;<\/p>\n<p>N\u00e9h\u00e1ny hozz\u00e1tartoz\u00f3 \u00e9s int\u00e9zm\u00e9nyi\u00a0 dolgoz\u00f3 kezdem\u00e9nyez\u00e9s\u00e9re 1995.\u00e9vben Alap\u00edtv\u00e1nyt hoztunk l\u00e9tre.<\/p>\n<p style=\"color: #000000;\"><a style=\"font-weight: bold; color: #000000;\" href=\"https:\/\/www.gotthardotthon.hu\/wp-content\/uploads\/2010\/04\/Magyarlak01.jpg\"><img loading=\"lazy\" decoding=\"async\" class=\" wp-image-245  alignright\" title=\"Magyarlak01\" src=\"https:\/\/www.gotthardotthon.hu\/wp-content\/uploads\/2010\/04\/Magyarlak01-300x225.jpg\" alt=\"\" width=\"240\" height=\"180\" \/><\/a><br \/>\nA \u201eSzoci\u00e1lis Otthon Lak\u00f3i\u00e9rt\u201d Alap\u00edtv\u00e1ny c\u00e9lja, hogy t\u00e1mogassa a betegek sz\u00f3rakoz\u00e1si, m\u0171vel\u0151d\u00e9si, sportol\u00e1si ig\u00e9nyeit, jav\u00edtsa az int\u00e9zm\u00e9ny\u00a0 t\u00e1rgyi felt\u00e9teleit. Az anyagiakon t\u00fal lak\u00f3ink kikapcsol\u00f3d\u00e1s\u00e1t szolg\u00e1lja a t\u00e1jv\u00e9delmi k\u00f6rnyezetben \u00e9p\u00fclt pihen\u0151h\u00e1zunk is.<br \/>\nAz Alap\u00edtv\u00e1ny nyitott, ahhoz b\u00e1rki csatlakozhat.<\/p>\n<p style=\"color: #000000;\">Amennyiben \u00d6n a \u201eSzoci\u00e1lis Otthon Lak\u00f3i\u00e9rt\u201d Alap\u00edtv\u00e1nyt t\u00e1mogatni szeretn\u00e9 (tudja), \u00fagy a befizetni k\u00edv\u00e1nt \u00f6sszeget az ERSTE Bank Szentgotth\u00e1rd-i fi\u00f3kj\u00e1n\u00e1l vezetett sz\u00e1ml\u00e1ra sz\u00edveskedjen (befizetni) \u00e1tutalni:<br \/>\n11632005-04946900-32000003\u00a0 Erste Bank Szentgotth\u00e1rd<\/p>\n<p style=\"color: #000000;\">Szem\u00e9lyi j\u00f6vedelemad\u00f3j\u00e1nak 1 %-\u00e1t alap\u00edtv\u00e1nyunk jav\u00e1ra felaj\u00e1nlhatja.<\/p>\n<p style=\"color: #000000;\">Ad\u00f3sz\u00e1munk:\u00a0 1-8883570-1-18<\/p>\n<p style=\"color: #000000;\">T\u00e1mogat\u00e1s\u00e1t az int\u00e9zm\u00e9ny\u00a0 lak\u00f3i nev\u00e9ben k\u00f6sz\u00f6nj\u00fck.<\/p>\n<p style=\"color: #000000;\"><a style=\"font-weight: bold; color: #000000;\" href=\"https:\/\/www.gotthardotthon.hu\/wp-content\/uploads\/2010\/04\/Magyarlak02.jpg\"><img loading=\"lazy\" decoding=\"async\" class=\" wp-image-246        alignleft\" title=\"Magyarlak02\" src=\"https:\/\/www.gotthardotthon.hu\/wp-content\/uploads\/2010\/04\/Magyarlak02-300x225.jpg\" alt=\"\" width=\"206\" height=\"157\" \/><\/a><\/p>\n<p style=\"color: #000000;\"><a style=\"font-weight: bold; color: #000000;\" href=\"https:\/\/www.gotthardotthon.hu\/wp-content\/uploads\/2010\/04\/park1.jpg\"><img loading=\"lazy\" decoding=\"async\" class=\" wp-image-218    alignright\" title=\"park\" src=\"https:\/\/www.gotthardotthon.hu\/wp-content\/uploads\/2010\/04\/park1-300x225.jpg\" alt=\"\" width=\"214\" height=\"163\" \/><\/a><\/p>\n<p style=\"color: #000000;\">\n","protected":false},"excerpt":{"rendered":"<p>&nbsp; N\u00e9h\u00e1ny hozz\u00e1tartoz\u00f3 \u00e9s int\u00e9zm\u00e9nyi\u00a0 dolgoz\u00f3 kezdem\u00e9nyez\u00e9s\u00e9re 1995.\u00e9vben Alap\u00edtv\u00e1nyt hoztunk l\u00e9tre. A \u201eSzoci\u00e1lis Otthon Lak\u00f3i\u00e9rt\u201d Alap\u00edtv\u00e1ny c\u00e9lja, hogy t\u00e1mogassa a betegek sz\u00f3rakoz\u00e1si, m\u0171vel\u0151d\u00e9si, sportol\u00e1si ig\u00e9nyeit, jav\u00edtsa az int\u00e9zm\u00e9ny\u00a0 t\u00e1rgyi felt\u00e9teleit. Az anyagiakon t\u00fal lak\u00f3ink kikapcsol\u00f3d\u00e1s\u00e1t szolg\u00e1lja a t\u00e1jv\u00e9delmi k\u00f6rnyezetben \u00e9p\u00fclt pihen\u0151h\u00e1zunk is. Az Alap\u00edtv\u00e1ny nyitott, ahhoz b\u00e1rki csatlakozhat. Amennyiben \u00d6n a \u201eSzoci\u00e1lis Otthon Lak\u00f3i\u00e9rt\u201d Alap\u00edtv\u00e1nyt [&hellip;]<\/p>\n","protected":false},"author":1,"featured_media":0,"parent":0,"menu_order":0,"comment_status":"closed","ping_status":"closed","template":"","meta":{"xn-wppe-expiration":[],"xn-wppe-expiration-action":[],"xn-wppe-expiration-prefix":[],"zakra_page_container_layout":"customizer","zakra_page_sidebar_layout":"customizer","zakra_remove_content_margin":false,"zakra_sidebar":"customizer","zakra_transparent_header":"customizer","zakra_logo":0,"zakra_main_header_style":"default","zakra_menu_item_color":"","zakra_menu_item_hover_color":"","zakra_menu_item_active_color":"","zakra_menu_active_style":"","zakra_page_header":true,"footnotes":""},"class_list":["post-464","page","type-page","status-publish","hentry"],"_links":{"self":[{"href":"https:\/\/www.gotthardotthon.hu\/index.php?rest_route=\/wp\/v2\/pages\/464","targetHints":{"allow":["GET"]}}],"collection":[{"href":"https:\/\/www.gotthardotthon.hu\/index.php?rest_route=\/wp\/v2\/pages"}],"about":[{"href":"https:\/\/www.gotthardotthon.hu\/index.php?rest_route=\/wp\/v2\/types\/page"}],"author":[{"embeddable":true,"href":"https:\/\/www.gotthardotthon.hu\/index.php?rest_route=\/wp\/v2\/users\/1"}],"replies":[{"embeddable":true,"href":"https:\/\/www.gotthardotthon.hu\/index.php?rest_route=%2Fwp%2Fv2%2Fcomments&post=464"}],"version-history":[{"count":6,"href":"https:\/\/www.gotthardotthon.hu\/index.php?rest_route=\/wp\/v2\/pages\/464\/revisions"}],"predecessor-version":[{"id":1059,"href":"https:\/\/www.gotthardotthon.hu\/index.php?rest_route=\/wp\/v2\/pages\/464\/revisions\/1059"}],"wp:attachment":[{"href":"https:\/\/www.gotthardotthon.hu\/index.php?rest_route=%2Fwp%2Fv2%2Fmedia&parent=464"}],"curies":[{"name":"wp","href":"https:\/\/api.w.org\/{rel}","templated":true}]}}