{"id":16,"date":"2013-12-28T13:57:33","date_gmt":"2013-12-28T13:57:33","guid":{"rendered":"https:\/\/www.gotthardotthon.hu\/?page_id=16"},"modified":"2015-11-18T10:36:45","modified_gmt":"2015-11-18T09:36:45","slug":"videok","status":"publish","type":"page","link":"https:\/\/www.gotthardotthon.hu\/?page_id=16","title":{"rendered":"Vide\u00f3k"},"content":{"rendered":"<p><iframe loading=\"lazy\" src=\"\/\/www.youtube.com\/embed\/OqaK46K2R-Q\" width=\"560\" height=\"315\" frameborder=\"0\" allowfullscreen=\"allowfullscreen\"><\/iframe><\/p>\n<p>&nbsp;<\/p>\n<p>Hangok Sz\u00e1rny\u00e1n &#8211;\u00a0<a title=\"Hangok Sz\u00e1rny\u00e1n - Film a tao h\u00e1rf\u00e1r\u00f3l \u00e9s a hang\u00e1gyr\u00f3l\" href=\"https:\/\/drive.google.com\/file\/d\/0B2f1SWytDlbRU2hUTUtQdzNIVGM\/view?pli=1\" target=\"_blank\">Film a tao h\u00e1rf\u00e1r\u00f3l \u00e9s a hang\u00e1gyr\u00f3l<\/a><\/p>\n","protected":false},"excerpt":{"rendered":"<p>&nbsp; Hangok Sz\u00e1rny\u00e1n &#8211;\u00a0Film a tao h\u00e1rf\u00e1r\u00f3l \u00e9s a hang\u00e1gyr\u00f3l<\/p>\n","protected":false},"author":1,"featured_media":0,"parent":0,"menu_order":0,"comment_status":"closed","ping_status":"closed","template":"","meta":{"xn-wppe-expiration":[],"xn-wppe-expiration-action":[],"xn-wppe-expiration-prefix":[],"zakra_page_container_layout":"customizer","zakra_page_sidebar_layout":"customizer","zakra_remove_content_margin":false,"zakra_sidebar":"customizer","zakra_transparent_header":"customizer","zakra_logo":0,"zakra_main_header_style":"default","zakra_menu_item_color":"","zakra_menu_item_hover_color":"","zakra_menu_item_active_color":"","zakra_menu_active_style":"","zakra_page_header":true,"footnotes":""},"class_list":["post-16","page","type-page","status-publish","hentry"],"_links":{"self":[{"href":"https:\/\/www.gotthardotthon.hu\/index.php?rest_route=\/wp\/v2\/pages\/16","targetHints":{"allow":["GET"]}}],"collection":[{"href":"https:\/\/www.gotthardotthon.hu\/index.php?rest_route=\/wp\/v2\/pages"}],"about":[{"href":"https:\/\/www.gotthardotthon.hu\/index.php?rest_route=\/wp\/v2\/types\/page"}],"author":[{"embeddable":true,"href":"https:\/\/www.gotthardotthon.hu\/index.php?rest_route=\/wp\/v2\/users\/1"}],"replies":[{"embeddable":true,"href":"https:\/\/www.gotthardotthon.hu\/index.php?rest_route=%2Fwp%2Fv2%2Fcomments&post=16"}],"version-history":[{"count":4,"href":"https:\/\/www.gotthardotthon.hu\/index.php?rest_route=\/wp\/v2\/pages\/16\/revisions"}],"predecessor-version":[{"id":763,"href":"https:\/\/www.gotthardotthon.hu\/index.php?rest_route=\/wp\/v2\/pages\/16\/revisions\/763"}],"wp:attachment":[{"href":"https:\/\/www.gotthardotthon.hu\/index.php?rest_route=%2Fwp%2Fv2%2Fmedia&parent=16"}],"curies":[{"name":"wp","href":"https:\/\/api.w.org\/{rel}","templated":true}]}}