{"id":1377,"date":"2021-06-16T09:28:39","date_gmt":"2021-06-16T08:28:39","guid":{"rendered":"https:\/\/www.gotthardotthon.hu\/?page_id=1377"},"modified":"2023-11-16T22:56:38","modified_gmt":"2023-11-16T21:56:38","slug":"kozerdeku-adatok","status":"publish","type":"page","link":"https:\/\/www.gotthardotthon.hu\/?page_id=1377","title":{"rendered":"K\u00f6z\u00e9rdek\u0171 adatok"},"content":{"rendered":"\n<figure class=\"wp-block-image size-full is-resized\"><a href=\"https:\/\/kozadat.hu\/kereso\/\" target=\"_blank\" rel=\"noreferrer noopener\"><img loading=\"lazy\" decoding=\"async\" width=\"188\" height=\"29\" src=\"https:\/\/www.gotthardotthon.hu\/wp-content\/uploads\/2023\/03\/kozadatkereso_logo.png\" alt=\"\" class=\"wp-image-2092\" style=\"width:188px;height:29px\"\/><\/a><\/figure>\n\n\n\n\n\n<script>\n  function resizeIframe(obj) {\n    obj.style.height = obj.contentWindow.document.documentElement.scrollHeight + 'px';\n  }\n<\/script><iframe loading=\"lazy\" src=\"\/KA\" width=\"100%\" min-height=\"400px\" height=\"100%\" onload=\"resizeIframe(this)\"><\/iframe>\n","protected":false},"excerpt":{"rendered":"","protected":false},"author":9,"featured_media":2097,"parent":0,"menu_order":0,"comment_status":"closed","ping_status":"closed","template":"page-templates\/full-width.php","meta":{"xn-wppe-expiration":[],"xn-wppe-expiration-action":[],"xn-wppe-expiration-prefix":[],"zakra_page_container_layout":"customizer","zakra_page_sidebar_layout":"customizer","zakra_remove_content_margin":false,"zakra_sidebar":"customizer","zakra_transparent_header":"customizer","zakra_logo":0,"zakra_main_header_style":"default","zakra_menu_item_color":"","zakra_menu_item_hover_color":"","zakra_menu_item_active_color":"","zakra_menu_active_style":"","zakra_page_header":true,"footnotes":""},"class_list":["post-1377","page","type-page","status-publish","has-post-thumbnail","hentry"],"_links":{"self":[{"href":"https:\/\/www.gotthardotthon.hu\/index.php?rest_route=\/wp\/v2\/pages\/1377","targetHints":{"allow":["GET"]}}],"collection":[{"href":"https:\/\/www.gotthardotthon.hu\/index.php?rest_route=\/wp\/v2\/pages"}],"about":[{"href":"https:\/\/www.gotthardotthon.hu\/index.php?rest_route=\/wp\/v2\/types\/page"}],"author":[{"embeddable":true,"href":"https:\/\/www.gotthardotthon.hu\/index.php?rest_route=\/wp\/v2\/users\/9"}],"replies":[{"embeddable":true,"href":"https:\/\/www.gotthardotthon.hu\/index.php?rest_route=%2Fwp%2Fv2%2Fcomments&post=1377"}],"version-history":[{"count":101,"href":"https:\/\/www.gotthardotthon.hu\/index.php?rest_route=\/wp\/v2\/pages\/1377\/revisions"}],"predecessor-version":[{"id":2250,"href":"https:\/\/www.gotthardotthon.hu\/index.php?rest_route=\/wp\/v2\/pages\/1377\/revisions\/2250"}],"wp:featuredmedia":[{"embeddable":true,"href":"https:\/\/www.gotthardotthon.hu\/index.php?rest_route=\/wp\/v2\/media\/2097"}],"wp:attachment":[{"href":"https:\/\/www.gotthardotthon.hu\/index.php?rest_route=%2Fwp%2Fv2%2Fmedia&parent=1377"}],"curies":[{"name":"wp","href":"https:\/\/api.w.org\/{rel}","templated":true}]}}