{"id":132,"date":"2014-08-18T13:39:57","date_gmt":"2014-08-18T13:39:57","guid":{"rendered":"https:\/\/www.gotthardotthon.hu\/?page_id=132"},"modified":"2015-01-06T09:20:07","modified_gmt":"2015-01-06T08:20:07","slug":"sajto","status":"publish","type":"page","link":"https:\/\/www.gotthardotthon.hu\/?page_id=132","title":{"rendered":"Sajt\u00f3 megjelen\u00e9sek"},"content":{"rendered":"<p><a href=\"https:\/\/www.gotthardotthon.hu\/wp-content\/uploads\/2014\/08\/bizony\u00edtv\u00e1nyoszt\u00e1s.pdf\" target=\"_blank\">bizony\u00edtv\u00e1nyoszt\u00e1s<\/a><\/p>\n<p><a href=\"https:\/\/www.gotthardotthon.hu\/wp-content\/uploads\/2014\/08\/meghivo_2020_A4_kedv_ESZA.docx\" target=\"_blank\">meghivo_2020_A4_kedv_ESZA<\/a><\/p>\n","protected":false},"excerpt":{"rendered":"<p>bizony\u00edtv\u00e1nyoszt\u00e1s meghivo_2020_A4_kedv_ESZA<\/p>\n","protected":false},"author":1,"featured_media":0,"parent":0,"menu_order":0,"comment_status":"closed","ping_status":"closed","template":"","meta":{"xn-wppe-expiration":[],"xn-wppe-expiration-action":[],"xn-wppe-expiration-prefix":[],"zakra_page_container_layout":"customizer","zakra_page_sidebar_layout":"customizer","zakra_remove_content_margin":false,"zakra_sidebar":"customizer","zakra_transparent_header":"customizer","zakra_logo":0,"zakra_main_header_style":"default","zakra_menu_item_color":"","zakra_menu_item_hover_color":"","zakra_menu_item_active_color":"","zakra_menu_active_style":"","zakra_page_header":true,"footnotes":""},"class_list":["post-132","page","type-page","status-publish","hentry"],"_links":{"self":[{"href":"https:\/\/www.gotthardotthon.hu\/index.php?rest_route=\/wp\/v2\/pages\/132","targetHints":{"allow":["GET"]}}],"collection":[{"href":"https:\/\/www.gotthardotthon.hu\/index.php?rest_route=\/wp\/v2\/pages"}],"about":[{"href":"https:\/\/www.gotthardotthon.hu\/index.php?rest_route=\/wp\/v2\/types\/page"}],"author":[{"embeddable":true,"href":"https:\/\/www.gotthardotthon.hu\/index.php?rest_route=\/wp\/v2\/users\/1"}],"replies":[{"embeddable":true,"href":"https:\/\/www.gotthardotthon.hu\/index.php?rest_route=%2Fwp%2Fv2%2Fcomments&post=132"}],"version-history":[{"count":6,"href":"https:\/\/www.gotthardotthon.hu\/index.php?rest_route=\/wp\/v2\/pages\/132\/revisions"}],"predecessor-version":[{"id":674,"href":"https:\/\/www.gotthardotthon.hu\/index.php?rest_route=\/wp\/v2\/pages\/132\/revisions\/674"}],"wp:attachment":[{"href":"https:\/\/www.gotthardotthon.hu\/index.php?rest_route=%2Fwp%2Fv2%2Fmedia&parent=132"}],"curies":[{"name":"wp","href":"https:\/\/api.w.org\/{rel}","templated":true}]}}